{"id":88,"date":"2024-04-30T01:59:57","date_gmt":"2024-04-29T23:59:57","guid":{"rendered":"https:\/\/brunatransmisor.com\/?page_id=88"},"modified":"2024-05-01T00:43:15","modified_gmt":"2024-04-30T22:43:15","slug":"contacto","status":"publish","type":"page","link":"https:\/\/brunatransmisor.com\/index.php\/contacto\/","title":{"rendered":"CONTACTO"},"content":{"rendered":"<p>[et_pb_section fb_built=\u00bb1&#8243; _builder_version=\u00bb4.24.0&#8243; _module_preset=\u00bbdefault\u00bb background_color=\u00bb#f4f4f4&#8243; background_enable_image=\u00bboff\u00bb height=\u00bb100vh\u00bb global_colors_info=\u00bb{}\u00bb theme_builder_area=\u00bbpost_content\u00bb][et_pb_row _builder_version=\u00bb4.24.0&#8243; _module_preset=\u00bbdefault\u00bb global_colors_info=\u00bb{}\u00bb theme_builder_area=\u00bbpost_content\u00bb][et_pb_column type=\u00bb4_4&#8243; _builder_version=\u00bb4.24.0&#8243; _module_preset=\u00bbdefault\u00bb global_colors_info=\u00bb{}\u00bb theme_builder_area=\u00bbpost_content\u00bb][et_pb_text _builder_version=\u00bb4.24.0&#8243; _module_preset=\u00bbdefault\u00bb global_colors_info=\u00bb{}\u00bb theme_builder_area=\u00bbpost_content\u00bb]<\/p>\n<p style=\"text-align: right;\"><img loading=\"lazy\" decoding=\"async\" src=\"https:\/\/brunatransmisor.com\/wp-content\/uploads\/2024\/04\/log-bruna-300x128.png\" width=\"300\" height=\"128\" alt=\"\" class=\"wp-image-110 alignnone size-medium\" srcset=\"https:\/\/brunatransmisor.com\/wp-content\/uploads\/2024\/04\/log-bruna-300x128.png 300w, https:\/\/brunatransmisor.com\/wp-content\/uploads\/2024\/04\/log-bruna.png 334w\" sizes=\"(max-width: 300px) 100vw, 300px\" \/><\/p>\n<p>[\/et_pb_text][\/et_pb_column][\/et_pb_row][et_pb_row column_structure=\u00bb3_5,2_5&#8243; _builder_version=\u00bb4.24.0&#8243; _module_preset=\u00bbdefault\u00bb global_colors_info=\u00bb{}\u00bb theme_builder_area=\u00bbpost_content\u00bb][et_pb_column type=\u00bb3_5&#8243; _builder_version=\u00bb4.24.0&#8243; _module_preset=\u00bbdefault\u00bb global_colors_info=\u00bb{}\u00bb theme_builder_area=\u00bbpost_content\u00bb][et_pb_text _builder_version=\u00bb4.24.0&#8243; _module_preset=\u00bbdefault\u00bb header_4_font_size=\u00bb8px\u00bb background_enable_image=\u00bboff\u00bb hover_enabled=\u00bb0&#8243; global_colors_info=\u00bb{}\u00bb theme_builder_area=\u00bbpost_content\u00bb sticky_enabled=\u00bb0&#8243;]<\/p>\n<p><strong><img loading=\"lazy\" decoding=\"async\" src=\"https:\/\/brunatransmisor.com\/wp-content\/uploads\/2024\/05\/fondo-bruna-pagina-5.png\" width=\"267\" height=\"337\" alt=\"\" class=\"wp-image-127 alignnone size-full\" style=\"display: block; margin-left: auto; margin-right: auto;\" srcset=\"https:\/\/brunatransmisor.com\/wp-content\/uploads\/2024\/05\/fondo-bruna-pagina-5.png 404w, https:\/\/brunatransmisor.com\/wp-content\/uploads\/2024\/05\/fondo-bruna-pagina-5-238x300.png 238w\" sizes=\"(max-width: 267px) 100vw, 267px\" \/><\/strong><\/p>\n<h3>Valle de Guadalupe 392, 107, Vi\u00f1as del mar, Baja California, Tijuana CP 22564<\/h3>\n<p>&nbsp;<\/p>\n<h2><strong>contacto@brunatransmisor.com<br \/><\/strong><\/h2>\n<p>&nbsp;<\/p>\n<p>&nbsp;<\/p>\n<h4>Bruna transmisor SA de CV es una marca registrada.<br \/>Transmisor de dinero autorizado por la Comisi\u00f3n Nacional Bancaria y de Valores con folio n\u00famero 256423.<\/h4>\n<p>[\/et_pb_text][\/et_pb_column][et_pb_column type=\u00bb2_5&#8243; _builder_version=\u00bb4.24.0&#8243; _module_preset=\u00bbdefault\u00bb global_colors_info=\u00bb{}\u00bb theme_builder_area=\u00bbpost_content\u00bb][et_pb_text _builder_version=\u00bb4.24.0&#8243; _module_preset=\u00bbdefault\u00bb hover_enabled=\u00bb0&#8243; global_colors_info=\u00bb{}\u00bb theme_builder_area=\u00bbpost_content\u00bb sticky_enabled=\u00bb0&#8243;]<\/p>\n<p><img loading=\"lazy\" decoding=\"async\" src=\"https:\/\/brunatransmisor.com\/wp-content\/uploads\/2024\/05\/fondo-bruna-pagina-6.png\" width=\"294\" height=\"304\" alt=\"\" class=\"wp-image-128 alignnone size-full\" style=\"display: block; margin-left: auto; margin-right: auto;\" srcset=\"https:\/\/brunatransmisor.com\/wp-content\/uploads\/2024\/05\/fondo-bruna-pagina-6.png 348w, https:\/\/brunatransmisor.com\/wp-content\/uploads\/2024\/05\/fondo-bruna-pagina-6-290x300.png 290w\" sizes=\"(max-width: 294px) 100vw, 294px\" \/><\/p>\n<p>[\/et_pb_text][et_pb_text _builder_version=\u00bb4.24.0&#8243; _module_preset=\u00bbdefault\u00bb header_4_font_size=\u00bb8px\u00bb background_enable_image=\u00bboff\u00bb hover_enabled=\u00bb0&#8243; global_colors_info=\u00bb{}\u00bb theme_builder_area=\u00bbpost_content\u00bb sticky_enabled=\u00bb0&#8243;]<\/p>\n<p><strong><\/strong><\/p>\n<h3>Horario de atenci\u00f3n:<br \/>Lunes a Viernes<br \/>8 am-6 pm<\/h3>\n<p>&nbsp;<\/p>\n<h3>Tel\u00e9fono:<\/h3>\n<h2><strong>55 5508 4480<\/strong><\/h2>\n<p>[\/et_pb_text][\/et_pb_column][\/et_pb_row][\/et_pb_section]<\/p>\n","protected":false},"excerpt":{"rendered":"<p>Valle de Guadalupe 392, 107, Vi\u00f1as del mar, Baja California, Tijuana CP 22564 &nbsp; contacto@brunatransmisor.com &nbsp; &nbsp; Bruna transmisor SA de CV es una marca registrada.Transmisor de dinero autorizado por la Comisi\u00f3n Nacional Bancaria y de Valores con folio n\u00famero 256423. Horario de atenci\u00f3n:Lunes a Viernes8 am-6 pm &nbsp; Tel\u00e9fono: 55 5508 4480<\/p>\n","protected":false},"author":1,"featured_media":0,"parent":0,"menu_order":0,"comment_status":"closed","ping_status":"closed","template":"","meta":{"_et_pb_use_builder":"on","_et_pb_old_content":"","_et_gb_content_width":"","footnotes":""},"_links":{"self":[{"href":"https:\/\/brunatransmisor.com\/index.php\/wp-json\/wp\/v2\/pages\/88"}],"collection":[{"href":"https:\/\/brunatransmisor.com\/index.php\/wp-json\/wp\/v2\/pages"}],"about":[{"href":"https:\/\/brunatransmisor.com\/index.php\/wp-json\/wp\/v2\/types\/page"}],"author":[{"embeddable":true,"href":"https:\/\/brunatransmisor.com\/index.php\/wp-json\/wp\/v2\/users\/1"}],"replies":[{"embeddable":true,"href":"https:\/\/brunatransmisor.com\/index.php\/wp-json\/wp\/v2\/comments?post=88"}],"version-history":[{"count":5,"href":"https:\/\/brunatransmisor.com\/index.php\/wp-json\/wp\/v2\/pages\/88\/revisions"}],"predecessor-version":[{"id":130,"href":"https:\/\/brunatransmisor.com\/index.php\/wp-json\/wp\/v2\/pages\/88\/revisions\/130"}],"wp:attachment":[{"href":"https:\/\/brunatransmisor.com\/index.php\/wp-json\/wp\/v2\/media?parent=88"}],"curies":[{"name":"wp","href":"https:\/\/api.w.org\/{rel}","templated":true}]}}